{"id":251,"date":"2023-07-28T21:29:39","date_gmt":"2023-07-28T19:29:39","guid":{"rendered":"https:\/\/awo-flintbek.de\/?page_id=251"},"modified":"2023-07-29T01:07:08","modified_gmt":"2023-07-28T23:07:08","slug":"ueber-uns-3","status":"publish","type":"page","link":"https:\/\/awo-flintbek.de\/?page_id=251","title":{"rendered":"under construction"},"content":{"rendered":"\n<p class=\"wp-block-paragraph\">Es tut uns sehr leid aber wir haben es noch nicht geschafft, diese Seite mit Inhalt zu f\u00fcllen.<br>Wir arbeiten ehrenamtlich und m\u00fcssen uns in kurzer Zeit in viele neue Themen einarbeiten. Ihr d\u00fcrft uns aber gerne dabei unterst\u00fctzen!<\/p>\n\n\n\n<figure class=\"wp-block-image size-full\"><img loading=\"lazy\" decoding=\"async\" width=\"640\" height=\"480\" src=\"https:\/\/awo-flintbek.de\/wp-content\/uploads\/2023\/07\/pause2.jpg\" alt=\"\" class=\"wp-image-222\" srcset=\"https:\/\/awo-flintbek.de\/wp-content\/uploads\/2023\/07\/pause2.jpg 640w, https:\/\/awo-flintbek.de\/wp-content\/uploads\/2023\/07\/pause2-300x225.jpg 300w\" sizes=\"auto, (max-width: 640px) 100vw, 640px\" \/><\/figure>\n\n\n\n<p class=\"wp-block-paragraph\"><\/p>\n","protected":false},"excerpt":{"rendered":"<p>Es tut uns sehr leid aber wir haben es noch nicht geschafft, diese Seite mit Inhalt zu f\u00fcllen.Wir arbeiten ehrenamtlich und m\u00fcssen uns in kurzer Zeit in viele neue Themen [&hellip;]<\/p>\n","protected":false},"author":1,"featured_media":0,"parent":0,"menu_order":0,"comment_status":"closed","ping_status":"closed","template":"","meta":{"_crdt_document":"","inline_featured_image":false,"_uag_custom_page_level_css":"","advgb_blocks_editor_width":"","advgb_blocks_columns_visual_guide":"","_EventAllDay":false,"_EventTimezone":"","_EventStartDate":"","_EventEndDate":"","_EventStartDateUTC":"","_EventEndDateUTC":"","_EventShowMap":false,"_EventShowMapLink":false,"_EventURL":"","_EventCost":"","_EventCostDescription":"","_EventCurrencySymbol":"","_EventCurrencyCode":"","_EventCurrencyPosition":"","_EventDateTimeSeparator":"","_EventTimeRangeSeparator":"","_EventOrganizerID":[],"_EventVenueID":[],"_OrganizerEmail":"","_OrganizerPhone":"","_OrganizerWebsite":"","_VenueAddress":"","_VenueCity":"","_VenueCountry":"","_VenueProvince":"","_VenueState":"","_VenueZip":"","_VenuePhone":"","_VenueURL":"","_VenueStateProvince":"","_VenueLat":"","_VenueLng":"","_VenueShowMap":false,"_VenueShowMapLink":false,"footnotes":""},"class_list":["post-251","page","type-page","status-publish","hentry"],"uagb_featured_image_src":{"full":false,"thumbnail":false,"medium":false,"medium_large":false,"large":false,"1536x1536":false,"2048x2048":false},"uagb_author_info":{"display_name":"dbe","author_link":"https:\/\/awo-flintbek.de\/?author=1"},"uagb_comment_info":0,"uagb_excerpt":"Es tut uns sehr leid aber wir haben es noch nicht geschafft, diese Seite mit Inhalt zu f\u00fcllen.Wir arbeiten ehrenamtlich und m\u00fcssen uns in kurzer Zeit in viele neue Themen [&hellip;]","coauthors":[],"author_meta":{"author_link":"https:\/\/awo-flintbek.de\/?author=1","display_name":"dbe"},"relative_dates":{"created":"Ver\u00f6ffentlicht 3\u00a0Jahren vor","modified":"Aktualisiert 3\u00a0Jahren vor"},"absolute_dates":{"created":"Ver\u00f6ffentlicht am 28. Juli 2023","modified":"Aktualisiert am 29. Juli 2023"},"absolute_dates_time":{"created":"Ver\u00f6ffentlicht am 28. Juli 2023 21:29","modified":"Aktualisiert am 29. Juli 2023 1:07"},"featured_img_caption":"","featured_img":false,"series_order":"","_links":{"self":[{"href":"https:\/\/awo-flintbek.de\/index.php?rest_route=\/wp\/v2\/pages\/251","targetHints":{"allow":["GET"]}}],"collection":[{"href":"https:\/\/awo-flintbek.de\/index.php?rest_route=\/wp\/v2\/pages"}],"about":[{"href":"https:\/\/awo-flintbek.de\/index.php?rest_route=\/wp\/v2\/types\/page"}],"author":[{"embeddable":true,"href":"https:\/\/awo-flintbek.de\/index.php?rest_route=\/wp\/v2\/users\/1"}],"replies":[{"embeddable":true,"href":"https:\/\/awo-flintbek.de\/index.php?rest_route=%2Fwp%2Fv2%2Fcomments&post=251"}],"version-history":[{"count":2,"href":"https:\/\/awo-flintbek.de\/index.php?rest_route=\/wp\/v2\/pages\/251\/revisions"}],"predecessor-version":[{"id":331,"href":"https:\/\/awo-flintbek.de\/index.php?rest_route=\/wp\/v2\/pages\/251\/revisions\/331"}],"wp:attachment":[{"href":"https:\/\/awo-flintbek.de\/index.php?rest_route=%2Fwp%2Fv2%2Fmedia&parent=251"}],"curies":[{"name":"wp","href":"https:\/\/api.w.org\/{rel}","templated":true}]}}