{"id":247,"date":"2023-07-28T21:27:59","date_gmt":"2023-07-28T19:27:59","guid":{"rendered":"https:\/\/awo-flintbek.de\/?page_id=247"},"modified":"2023-08-25T21:52:14","modified_gmt":"2023-08-25T19:52:14","slug":"ueber-uns-2","status":"publish","type":"page","link":"https:\/\/awo-flintbek.de\/?page_id=247","title":{"rendered":"Mitgliedschaft"},"content":{"rendered":"\n<p class=\"wp-block-paragraph\"><strong>Gutes Tun kostet Geld!<\/strong><br>Das ist leider Realit\u00e4t und betrifft auch uns.<br>Wir sind zwar f\u00fcr jede Hilfe dankbar aber nicht jeder kann ehrenamtlich helfen und viele Aktionen kosten halt auch Geld.<\/p>\n\n\n\n<p class=\"wp-block-paragraph\">Um ein m\u00f6glichst breites Spektrum f\u00fcr alle Zielgruppen anbieten und vor Allem auch verl\u00e4sslich planen zu k\u00f6nnen, hilft uns <strong>deine<\/strong> Mitgliedschaft in der AWO.<\/p>\n\n\n\n<p class=\"wp-block-paragraph\"><\/p>\n\n\n\n<div class=\"wp-block-group is-nowrap is-layout-flex wp-container-core-group-is-layout-f56f613f wp-block-group-is-layout-flex\">\n<p class=\"wp-block-paragraph\">Du musst kein Million\u00e4r sein oder dich zwischen deinem Haus und einer AWO Mitgliedschaft entscheiden, um uns zu unterst\u00fctzen.<br>Schon mit monatlich 2,50\u20ac kannst du einen wertvollen Beitrag leisten!<\/p>\n\n\n\n<figure class=\"wp-block-image size-full is-resized\"><img loading=\"lazy\" decoding=\"async\" width=\"640\" height=\"486\" src=\"https:\/\/awo-flintbek.de\/wp-content\/uploads\/2023\/08\/Geld-oder-Haus.jpg\" alt=\"\" class=\"wp-image-448\" style=\"width:396px;height:auto\" srcset=\"https:\/\/awo-flintbek.de\/wp-content\/uploads\/2023\/08\/Geld-oder-Haus.jpg 640w, https:\/\/awo-flintbek.de\/wp-content\/uploads\/2023\/08\/Geld-oder-Haus-300x228.jpg 300w\" sizes=\"auto, (max-width: 640px) 100vw, 640px\" \/><\/figure>\n<\/div>\n\n\n\n<div class=\"wp-block-group is-nowrap is-layout-flex wp-container-core-group-is-layout-f56f613f wp-block-group-is-layout-flex\">\n<figure class=\"wp-block-image size-full is-resized\"><a href=\"https:\/\/antrag.awo-zmav.de\/AwoOnline\" target=\"_blank\" rel=\"noreferrer noopener\"><img loading=\"lazy\" decoding=\"async\" width=\"719\" height=\"591\" src=\"https:\/\/awo-flintbek.de\/wp-content\/uploads\/2023\/08\/AWO-Herz.gif\" alt=\"\" class=\"wp-image-452\" style=\"width:154px;height:auto\"\/><\/a><\/figure>\n\n\n\n<p class=\"wp-block-paragraph\">Hier wirst du auf die Seite der AWO gef\u00fchrt, wo du Online Mitglied werden kannst. Du wirst dann je nach Wohnort dem jeweiligen Ortsverband zugeordnet.<\/p>\n<\/div>\n\n\n\n<p class=\"wp-block-paragraph\">Du kannst dir nat\u00fcrlich auch das PDF runterladen, ausf\u00fcllen und uns oder jedem Kreis-, Landes- oder auch dem Bundesverband zuschicken.<\/p>\n\n\n\n<div class=\"wp-block-file\"><a id=\"wp-block-file--media-f16ccb2e-f768-4ed3-89fc-b3acd315cffd\" href=\"https:\/\/awo-flintbek.de\/wp-content\/uploads\/2023\/08\/AWO-Mitgliedsantrag.pdf\" target=\"_blank\" rel=\"noreferrer noopener\">AWO-Mitgliedsantrag<\/a><\/div>\n","protected":false},"excerpt":{"rendered":"<p>Gutes Tun kostet Geld!Das ist leider Realit\u00e4t und betrifft auch uns.Wir sind zwar f\u00fcr jede Hilfe dankbar aber nicht jeder kann ehrenamtlich helfen und viele Aktionen kosten halt auch Geld. [&hellip;]<\/p>\n","protected":false},"author":1,"featured_media":0,"parent":0,"menu_order":0,"comment_status":"closed","ping_status":"closed","template":"","meta":{"_crdt_document":"","inline_featured_image":false,"_uag_custom_page_level_css":"","advgb_blocks_editor_width":"","advgb_blocks_columns_visual_guide":"","_EventAllDay":false,"_EventTimezone":"","_EventStartDate":"","_EventEndDate":"","_EventStartDateUTC":"","_EventEndDateUTC":"","_EventShowMap":false,"_EventShowMapLink":false,"_EventURL":"","_EventCost":"","_EventCostDescription":"","_EventCurrencySymbol":"","_EventCurrencyCode":"","_EventCurrencyPosition":"","_EventDateTimeSeparator":"","_EventTimeRangeSeparator":"","_EventOrganizerID":[],"_EventVenueID":[],"_OrganizerEmail":"","_OrganizerPhone":"","_OrganizerWebsite":"","_VenueAddress":"","_VenueCity":"","_VenueCountry":"","_VenueProvince":"","_VenueState":"","_VenueZip":"","_VenuePhone":"","_VenueURL":"","_VenueStateProvince":"","_VenueLat":"","_VenueLng":"","_VenueShowMap":false,"_VenueShowMapLink":false,"footnotes":""},"class_list":["post-247","page","type-page","status-publish","hentry"],"uagb_featured_image_src":{"full":false,"thumbnail":false,"medium":false,"medium_large":false,"large":false,"1536x1536":false,"2048x2048":false},"uagb_author_info":{"display_name":"dbe","author_link":"https:\/\/awo-flintbek.de\/?author=1"},"uagb_comment_info":0,"uagb_excerpt":"Gutes Tun kostet Geld!Das ist leider Realit\u00e4t und betrifft auch uns.Wir sind zwar f\u00fcr jede Hilfe dankbar aber nicht jeder kann ehrenamtlich helfen und viele Aktionen kosten halt auch Geld. [&hellip;]","coauthors":[],"author_meta":{"author_link":"https:\/\/awo-flintbek.de\/?author=1","display_name":"dbe"},"relative_dates":{"created":"Ver\u00f6ffentlicht 3\u00a0Jahren vor","modified":"Aktualisiert 3\u00a0Jahren vor"},"absolute_dates":{"created":"Ver\u00f6ffentlicht am 28. Juli 2023","modified":"Aktualisiert am 25. August 2023"},"absolute_dates_time":{"created":"Ver\u00f6ffentlicht am 28. Juli 2023 21:27","modified":"Aktualisiert am 25. August 2023 21:52"},"featured_img_caption":"","featured_img":false,"series_order":"","_links":{"self":[{"href":"https:\/\/awo-flintbek.de\/index.php?rest_route=\/wp\/v2\/pages\/247","targetHints":{"allow":["GET"]}}],"collection":[{"href":"https:\/\/awo-flintbek.de\/index.php?rest_route=\/wp\/v2\/pages"}],"about":[{"href":"https:\/\/awo-flintbek.de\/index.php?rest_route=\/wp\/v2\/types\/page"}],"author":[{"embeddable":true,"href":"https:\/\/awo-flintbek.de\/index.php?rest_route=\/wp\/v2\/users\/1"}],"replies":[{"embeddable":true,"href":"https:\/\/awo-flintbek.de\/index.php?rest_route=%2Fwp%2Fv2%2Fcomments&post=247"}],"version-history":[{"count":7,"href":"https:\/\/awo-flintbek.de\/index.php?rest_route=\/wp\/v2\/pages\/247\/revisions"}],"predecessor-version":[{"id":460,"href":"https:\/\/awo-flintbek.de\/index.php?rest_route=\/wp\/v2\/pages\/247\/revisions\/460"}],"wp:attachment":[{"href":"https:\/\/awo-flintbek.de\/index.php?rest_route=%2Fwp%2Fv2%2Fmedia&parent=247"}],"curies":[{"name":"wp","href":"https:\/\/api.w.org\/{rel}","templated":true}]}}