{"id":188,"date":"2023-07-28T16:00:47","date_gmt":"2023-07-28T14:00:47","guid":{"rendered":"https:\/\/awo-flintbek.de\/?page_id=188"},"modified":"2023-09-23T17:43:47","modified_gmt":"2023-09-23T15:43:47","slug":"sommerfest-2023-2","status":"publish","type":"page","link":"https:\/\/awo-flintbek.de\/?page_id=188","title":{"rendered":"Sommerfest Kunterbunt"},"content":{"rendered":"\n<p class=\"has-medium-font-size wp-block-paragraph\">Lange sind wir (Dirk und ich) noch nicht dabei und Erfahrungen m\u00fcssen wir erst  noch sammeln. Umso mehr freuen wir uns darauf, das erste Fest, als neuer Vorstand und nach Corona, mit euch zu feiern.<\/p>\n\n\n\n<p class=\"wp-block-paragraph\">Die AWO Flintbek und der <a rel=\"noreferrer noopener\" href=\"https:\/\/www.freundeskreis-fluechtlinge-flintbek.com\/\" target=\"_blank\">Freundeskreis Fl\u00fcchtlinge Flintbek<\/a> l\u00e4dt euch und eure Familien am 26.08.2023 zum kunterbunten Sommerfest ein. Das Fest findet auf dem Bolzplatz hinter der <a href=\"https:\/\/www.feuerwehr-flintbek.de\/\" target=\"_blank\" rel=\"noreferrer noopener\">Freiwilligen Feuerwehr<\/a> (Zugang vom Storchennest) statt.<\/p>\n\n\n\n<figure class=\"wp-block-image size-full\"><img loading=\"lazy\" decoding=\"async\" width=\"813\" height=\"733\" src=\"https:\/\/awo-flintbek.de\/wp-content\/uploads\/2023\/09\/location.jpg\" alt=\"\" class=\"wp-image-462\" srcset=\"https:\/\/awo-flintbek.de\/wp-content\/uploads\/2023\/09\/location.jpg 813w, https:\/\/awo-flintbek.de\/wp-content\/uploads\/2023\/09\/location-300x270.jpg 300w, https:\/\/awo-flintbek.de\/wp-content\/uploads\/2023\/09\/location-768x692.jpg 768w\" sizes=\"auto, (max-width: 813px) 100vw, 813px\" \/><\/figure>\n\n\n\n<p class=\"wp-block-paragraph\">Was erwartet euch?<\/p>\n\n\n\n<p class=\"wp-block-paragraph\">Alles wollen wir nat\u00fcrlich noch nicht verraten, aber Kaffee, Kuchen und Grillwurst, sowie kleine kulinarische \u00dcberraschungen werden (gegen Spenden) von uns und dem Freundeskreis der Fl\u00fcchtlinge schon mal f\u00fcrs leibliche Wohl sorgen. Hier schon mal ein dickes Danke an alle ehrenamtlichen Helfer, die uns dabei unterst\u00fctzen. Alle G\u00e4ste bitten wir Picknickgeschirr (Becher, Teller, Gabeln) mit zu bringen. Wir m\u00f6chten gerne die Umwelt und auch unsere Helfer schonen.<\/p>\n\n\n\n<div class=\"wp-block-group is-nowrap is-layout-flex wp-container-core-group-is-layout-f56f613f wp-block-group-is-layout-flex\">\n<figure class=\"wp-block-image size-full is-resized\"><a href=\"https:\/\/www.dirtpark-flintbek.de\/\" target=\"_blank\" rel=\"noreferrer noopener\"><img loading=\"lazy\" decoding=\"async\" width=\"723\" height=\"800\" src=\"https:\/\/awo-flintbek.de\/wp-content\/uploads\/2023\/07\/Dirtpark.webp\" alt=\"\" class=\"wp-image-220\" style=\"object-fit:contain;width:258px;height:284px\" srcset=\"https:\/\/awo-flintbek.de\/wp-content\/uploads\/2023\/07\/Dirtpark.webp 723w, https:\/\/awo-flintbek.de\/wp-content\/uploads\/2023\/07\/Dirtpark-271x300.webp 271w\" sizes=\"auto, (max-width: 723px) 100vw, 723px\" \/><\/a><\/figure>\n\n\n\n<p class=\"wp-block-paragraph\">Auch f\u00fcr Kaltgetr\u00e4nke ist von Seiten des <br><a rel=\"noreferrer noopener\" href=\"https:\/\/www.dirtpark-flintbek.de\/\" target=\"_blank\">Dirtpark <\/a>gesorgt, wir freuen uns sehr <br>\u00fcber diesen\/unseren Kooperationspartner, <br>der zus\u00e4tzliche Aktionen auch f\u00fcr Neulinge <br>an diesem Tag \u201eauf der Piste\u201c anbieten wird.<\/p>\n<\/div>\n\n\n\n<p class=\"wp-block-paragraph\">Damit alle Eltern und Gro\u00dfeltern (und vielleicht ja auch Urgro\u00dfeltern) ihren Kaffee und Kuchen mit ein bisschen Ruhe genie\u00dfen k\u00f6nnen und sich die Kids nicht langweilen, weil die Warteschlange im Dirtpark so lang ist, gibt es nat\u00fcrlich auch diesmal wieder Spielstationen wo Geschick, Schnelligkeit, Neugierde und Kampfgeist erprobt werden k\u00f6nnen und Alle ganz viel Spa\u00df im Vordergrund stehen soll. Damit auch die Bewegung nicht zu kurz kommt wird es nat\u00fcrlich auch eine H\u00fcpfburg geben.<\/p>\n\n\n\n<figure class=\"wp-block-image size-full\"><img loading=\"lazy\" decoding=\"async\" width=\"640\" height=\"441\" src=\"https:\/\/awo-flintbek.de\/wp-content\/uploads\/2023\/07\/huepfburg.jpg\" alt=\"\" class=\"wp-image-272\" srcset=\"https:\/\/awo-flintbek.de\/wp-content\/uploads\/2023\/07\/huepfburg.jpg 640w, https:\/\/awo-flintbek.de\/wp-content\/uploads\/2023\/07\/huepfburg-300x207.jpg 300w\" sizes=\"auto, (max-width: 640px) 100vw, 640px\" \/><\/figure>\n\n\n\n<p class=\"wp-block-paragraph\">Wenn dann gegen 18 Uhr die Kids m\u00fcde werden \u00fcbernimmt der <a href=\"https:\/\/www.dirtpark-flintbek.de\/\" target=\"_blank\" rel=\"noreferrer noopener\">Dirtpark<\/a> f\u00fcr \u201edie Gro\u00dfen\u201c die Abendveranstaltung. Da ist live Musik geplant, aber mehr m\u00f6chten wir noch nicht verraten. Schaut doch gerne mal beim <a href=\"https:\/\/www.dirtpark-flintbek.de\/\" target=\"_blank\" rel=\"noreferrer noopener\">Dirtpark <\/a>vorbei, vielleicht gibt es da ja noch den ein oder anderen Hinweis\u2026<\/p>\n\n\n\n<div class=\"wp-block-group has-border-color has-vivid-red-border-color is-nowrap is-layout-flex wp-container-core-group-is-layout-ce97476e wp-block-group-is-layout-flex\" style=\"border-width:2px;padding-right:var(--wp--preset--spacing--30);padding-left:var(--wp--preset--spacing--30)\">\n<p class=\"wp-block-paragraph\">In eigener Sache: Was ist ein Fest ohne Helfer? Nat\u00fcrlich sind wir noch nicht genug und Hilfe brauchen wir immer. Wer sich also angesprochen f\u00fchlt und Lust hat zu unterst\u00fctzen, ist herzlich willkommen. Egal ob Kuchenspenden, Unterst\u00fctzung bei den Spielstationen, Auf- und Abbau \u2026 meldet euch bitte \u00fcber die Kontaktdaten auf unserer Homepage.<\/p>\n<\/div>\n\n\n\n<p class=\"wp-block-paragraph\">Auch Nachwuchsbands sind willkommen, meldet euch gerne bei uns oder im <a rel=\"noreferrer noopener\" href=\"https:\/\/www.dirtpark-flintbek.de\/\" target=\"_blank\">Dirtpark <\/a>bei Stefan Maierh\u00f6fer, vielleicht kommen wir ja am 26.08.2023 in den Genuss, euch spielen h\u00f6ren zu d\u00fcrfen.<\/p>\n\n\n\n<p class=\"wp-block-paragraph\">In diesem Sinne w\u00fcnschen wir uns allen ein gelungenes \u201eSommerfest Kunterbunt\u201c<\/p>\n\n\n\n<p class=\"wp-block-paragraph\"><strong>Euer AWO-Vorstand<\/strong><\/p>\n\n\n\n<hr class=\"wp-block-separator has-alpha-channel-opacity\"\/>\n\n\n\n<div class=\"wp-block-uagb-info-box uagb-block-9e09459f uagb-infobox__content-wrap  uagb-infobox-icon-above-title uagb-infobox-image-valign-top\"><div class=\"uagb-ifb-content\"><div class=\"uagb-ifb-icon-wrap\"><svg xmlns=\"https:\/\/www.w3.org\/2000\/svg\" viewBox=\"0 0 512 512\"><path d=\"M0 256C0 114.6 114.6 0 256 0C397.4 0 512 114.6 512 256C512 397.4 397.4 512 256 512C114.6 512 0 397.4 0 256zM371.8 211.8C382.7 200.9 382.7 183.1 371.8 172.2C360.9 161.3 343.1 161.3 332.2 172.2L224 280.4L179.8 236.2C168.9 225.3 151.1 225.3 140.2 236.2C129.3 247.1 129.3 264.9 140.2 275.8L204.2 339.8C215.1 350.7 232.9 350.7 243.8 339.8L371.8 211.8z\"><\/path><\/svg><\/div><div class=\"uagb-ifb-title-wrap\"><h3 class=\"uagb-ifb-title\">Zeiten<\/h3><\/div><div class=\"uagb-ifb-separator\"><\/div><p class=\"uagb-ifb-desc\">13-14 Uhr Annahme Kuchenspenden (gerne Blechkuchen)<br>14 Uhr Start mit Kaffee, Kuchen und Spielstationen; Start im Dirtpark<br>16:45 Uhr Grillwurst (Rostbratwurst oder Gefl\u00fcgel)<br>18 Uhr Ende (der Dirtpark macht weiter)<\/p><\/div><\/div>\n\n\n\n<hr class=\"wp-block-separator has-alpha-channel-opacity\"\/>\n\n\n\n<p class=\"wp-block-paragraph\"><strong>Mitglieder die gerne teilnehmen m\u00f6chten, aber auf einen Abholdienst angewiesen sind k\u00f6nnen sich gerne bei uns melden, wir werden dann entsprechend organisieren.<\/strong><\/p>\n\n\n\n<p class=\"wp-block-paragraph\"><strong>Zudem wird eine schriftliche Einladung an unsere Mitglieder noch erfolgen, leider hatten wir nur wenig Zeit um das Fest zu planen und umzusetzen, bitte verzeiht uns die zeitliche Verz\u00f6gerung.<\/strong><\/p>\n","protected":false},"excerpt":{"rendered":"<p>Lange sind wir (Dirk und ich) noch nicht dabei und Erfahrungen m\u00fcssen wir erst noch sammeln. Umso mehr freuen wir uns darauf, das erste Fest, als neuer Vorstand und nach [&hellip;]<\/p>\n","protected":false},"author":1,"featured_media":0,"parent":0,"menu_order":0,"comment_status":"closed","ping_status":"closed","template":"wp-custom-template-landingpage","meta":{"_crdt_document":"","inline_featured_image":false,"_uag_custom_page_level_css":"","advgb_blocks_editor_width":"","advgb_blocks_columns_visual_guide":"","_EventAllDay":false,"_EventTimezone":"","_EventStartDate":"","_EventEndDate":"","_EventStartDateUTC":"","_EventEndDateUTC":"","_EventShowMap":false,"_EventShowMapLink":false,"_EventURL":"","_EventCost":"","_EventCostDescription":"","_EventCurrencySymbol":"","_EventCurrencyCode":"","_EventCurrencyPosition":"","_EventDateTimeSeparator":"","_EventTimeRangeSeparator":"","_EventOrganizerID":[],"_EventVenueID":[],"_OrganizerEmail":"","_OrganizerPhone":"","_OrganizerWebsite":"","_VenueAddress":"","_VenueCity":"","_VenueCountry":"","_VenueProvince":"","_VenueState":"","_VenueZip":"","_VenuePhone":"","_VenueURL":"","_VenueStateProvince":"","_VenueLat":"","_VenueLng":"","_VenueShowMap":false,"_VenueShowMapLink":false,"footnotes":""},"class_list":["post-188","page","type-page","status-publish","hentry"],"uagb_featured_image_src":{"full":false,"thumbnail":false,"medium":false,"medium_large":false,"large":false,"1536x1536":false,"2048x2048":false},"uagb_author_info":{"display_name":"dbe","author_link":"https:\/\/awo-flintbek.de\/?author=1"},"uagb_comment_info":0,"uagb_excerpt":"Lange sind wir (Dirk und ich) noch nicht dabei und Erfahrungen m\u00fcssen wir erst noch sammeln. Umso mehr freuen wir uns darauf, das erste Fest, als neuer Vorstand und nach [&hellip;]","coauthors":[],"author_meta":{"author_link":"https:\/\/awo-flintbek.de\/?author=1","display_name":"dbe"},"relative_dates":{"created":"Ver\u00f6ffentlicht 3\u00a0Jahren vor","modified":"Aktualisiert 3\u00a0Jahren vor"},"absolute_dates":{"created":"Ver\u00f6ffentlicht am 28. Juli 2023","modified":"Aktualisiert am 23. September 2023"},"absolute_dates_time":{"created":"Ver\u00f6ffentlicht am 28. Juli 2023 16:00","modified":"Aktualisiert am 23. September 2023 17:43"},"featured_img_caption":"","featured_img":false,"series_order":"","_links":{"self":[{"href":"https:\/\/awo-flintbek.de\/index.php?rest_route=\/wp\/v2\/pages\/188","targetHints":{"allow":["GET"]}}],"collection":[{"href":"https:\/\/awo-flintbek.de\/index.php?rest_route=\/wp\/v2\/pages"}],"about":[{"href":"https:\/\/awo-flintbek.de\/index.php?rest_route=\/wp\/v2\/types\/page"}],"author":[{"embeddable":true,"href":"https:\/\/awo-flintbek.de\/index.php?rest_route=\/wp\/v2\/users\/1"}],"replies":[{"embeddable":true,"href":"https:\/\/awo-flintbek.de\/index.php?rest_route=%2Fwp%2Fv2%2Fcomments&post=188"}],"version-history":[{"count":44,"href":"https:\/\/awo-flintbek.de\/index.php?rest_route=\/wp\/v2\/pages\/188\/revisions"}],"predecessor-version":[{"id":463,"href":"https:\/\/awo-flintbek.de\/index.php?rest_route=\/wp\/v2\/pages\/188\/revisions\/463"}],"wp:attachment":[{"href":"https:\/\/awo-flintbek.de\/index.php?rest_route=%2Fwp%2Fv2%2Fmedia&parent=188"}],"curies":[{"name":"wp","href":"https:\/\/api.w.org\/{rel}","templated":true}]}}