{"id":16,"date":"2023-07-23T17:13:54","date_gmt":"2023-07-23T15:13:54","guid":{"rendered":"https:\/\/awo-flintbek.de\/?page_id=16"},"modified":"2023-07-28T16:32:19","modified_gmt":"2023-07-28T14:32:19","slug":"impressum","status":"publish","type":"page","link":"https:\/\/awo-flintbek.de\/?page_id=16","title":{"rendered":"Impressum"},"content":{"rendered":"\n<p class=\"wp-block-paragraph\">Angaben gem\u00e4\u00df \u00a7 5 TMG<br>Arbeiterwohlfahrt Ortsverband Flintbek e.V.<br>Butensch\u00f6nsredder 27<br>24220 Flintbek<\/p>\n\n\n\n<p class=\"wp-block-paragraph\"><br>Inhaltlich verantwortlich gem\u00e4\u00df \u00a76 MDStV:<br>Dirk Behrsing<br>Butensch\u00f6nsredder 27<br>24220 Flintbek<br><br>Tel: 04347 710 360<br>&#x64;&#105;r&#x6b;&#46;b&#x65;&#104;r&#x73;&#105;n&#x67;&#64;a&#x77;&#x6f;-&#x66;&#x6c;&#105;&#x6e;&#x74;&#98;&#x65;&#x6b;&#46;d&#x65;<\/p>\n\n\n\n<p class=\"wp-block-paragraph\">Vertretungsberechtigter Vorstand<br>Nicole Behrsing, Vorstandsvorsitzende<\/p>\n\n\n\n<p class=\"wp-block-paragraph\">Vereinsregister: <br>Steuernummer: <\/p>\n\n\n\n<p class=\"wp-block-paragraph\">Kontakt<br>Telefon: 04347 710 360<br>i&#110;&#102;&#x6f;&#x40;&#x61;&#x77;o&#45;&#102;&#108;&#x69;&#x6e;&#x74;be&#107;&#46;&#x64;&#x65;<\/p>\n","protected":false},"excerpt":{"rendered":"<p>Angaben gem\u00e4\u00df \u00a7 5 TMGArbeiterwohlfahrt Ortsverband Flintbek e.V.Butensch\u00f6nsredder 2724220 Flintbek Inhaltlich verantwortlich gem\u00e4\u00df \u00a76 MDStV:Dirk BehrsingButensch\u00f6nsredder 2724220 Flintbek Tel: 04347 710 360&#x64;i&#x72;k&#x2e;&#98;&#x65;&#104;r&#x73;i&#x6e;&#103;&#x40;&#97;&#x77;&#111;-&#x66;l&#x69;&#110;&#x74;&#98;&#x65;&#x6b;&#46;&#x64;e Vertretungsberechtigter VorstandNicole Behrsing, Vorstandsvorsitzende Vereinsregister: Steuernummer: KontaktTelefon: 04347 [&hellip;]<\/p>\n","protected":false},"author":1,"featured_media":194,"parent":0,"menu_order":0,"comment_status":"closed","ping_status":"closed","template":"wp-custom-template-impressum","meta":{"_crdt_document":"","inline_featured_image":false,"_uag_custom_page_level_css":"","advgb_blocks_editor_width":"","advgb_blocks_columns_visual_guide":"","_EventAllDay":false,"_EventTimezone":"","_EventStartDate":"","_EventEndDate":"","_EventStartDateUTC":"","_EventEndDateUTC":"","_EventShowMap":false,"_EventShowMapLink":false,"_EventURL":"","_EventCost":"","_EventCostDescription":"","_EventCurrencySymbol":"","_EventCurrencyCode":"","_EventCurrencyPosition":"","_EventDateTimeSeparator":"","_EventTimeRangeSeparator":"","_EventOrganizerID":[],"_EventVenueID":[],"_OrganizerEmail":"","_OrganizerPhone":"","_OrganizerWebsite":"","_VenueAddress":"","_VenueCity":"","_VenueCountry":"","_VenueProvince":"","_VenueState":"","_VenueZip":"","_VenuePhone":"","_VenueURL":"","_VenueStateProvince":"","_VenueLat":"","_VenueLng":"","_VenueShowMap":false,"_VenueShowMapLink":false,"footnotes":""},"class_list":["post-16","page","type-page","status-publish","has-post-thumbnail","hentry"],"uagb_featured_image_src":{"full":["https:\/\/awo-flintbek.de\/wp-content\/uploads\/2023\/07\/impressum.jpg",640,216,false],"thumbnail":["https:\/\/awo-flintbek.de\/wp-content\/uploads\/2023\/07\/impressum-150x150.jpg",150,150,true],"medium":["https:\/\/awo-flintbek.de\/wp-content\/uploads\/2023\/07\/impressum-300x101.jpg",300,101,true],"medium_large":["https:\/\/awo-flintbek.de\/wp-content\/uploads\/2023\/07\/impressum.jpg",640,216,false],"large":["https:\/\/awo-flintbek.de\/wp-content\/uploads\/2023\/07\/impressum.jpg",640,216,false],"1536x1536":["https:\/\/awo-flintbek.de\/wp-content\/uploads\/2023\/07\/impressum.jpg",640,216,false],"2048x2048":["https:\/\/awo-flintbek.de\/wp-content\/uploads\/2023\/07\/impressum.jpg",640,216,false]},"uagb_author_info":{"display_name":"dbe","author_link":"https:\/\/awo-flintbek.de\/?author=1"},"uagb_comment_info":0,"uagb_excerpt":"Angaben gem\u00e4\u00df \u00a7 5 TMGArbeiterwohlfahrt Ortsverband Flintbek e.V.Butensch\u00f6nsredder 2724220 Flintbek Inhaltlich verantwortlich gem\u00e4\u00df \u00a76 MDStV:Dirk BehrsingButensch\u00f6nsredder 2724220 Flintbek Tel: 04347 710 360&#x64;&#x69;&#x72;&#x6b;&#x2e;&#x62;&#x65;&#104;&#114;&#115;&#105;&#110;g&#64;aw&#x6f;&#x2d;&#x66;&#x6c;&#x69;&#x6e;&#x74;&#x62;&#101;&#107;&#46;&#100;&#101; Vertretungsberechtigter VorstandNicole Behrsing, Vorstandsvorsitzende Vereinsregister: Steuernummer: KontaktTelefon: 04347 [&hellip;]","coauthors":[],"author_meta":{"author_link":"https:\/\/awo-flintbek.de\/?author=1","display_name":"dbe"},"relative_dates":{"created":"Ver\u00f6ffentlicht 3\u00a0Jahren vor","modified":"Aktualisiert 3\u00a0Jahren vor"},"absolute_dates":{"created":"Ver\u00f6ffentlicht am 23. Juli 2023","modified":"Aktualisiert am 28. Juli 2023"},"absolute_dates_time":{"created":"Ver\u00f6ffentlicht am 23. Juli 2023 17:13","modified":"Aktualisiert am 28. Juli 2023 16:32"},"featured_img_caption":"","featured_img":"https:\/\/awo-flintbek.de\/wp-content\/uploads\/2023\/07\/impressum.jpg","series_order":"","_links":{"self":[{"href":"https:\/\/awo-flintbek.de\/index.php?rest_route=\/wp\/v2\/pages\/16","targetHints":{"allow":["GET"]}}],"collection":[{"href":"https:\/\/awo-flintbek.de\/index.php?rest_route=\/wp\/v2\/pages"}],"about":[{"href":"https:\/\/awo-flintbek.de\/index.php?rest_route=\/wp\/v2\/types\/page"}],"author":[{"embeddable":true,"href":"https:\/\/awo-flintbek.de\/index.php?rest_route=\/wp\/v2\/users\/1"}],"replies":[{"embeddable":true,"href":"https:\/\/awo-flintbek.de\/index.php?rest_route=%2Fwp%2Fv2%2Fcomments&post=16"}],"version-history":[{"count":4,"href":"https:\/\/awo-flintbek.de\/index.php?rest_route=\/wp\/v2\/pages\/16\/revisions"}],"predecessor-version":[{"id":196,"href":"https:\/\/awo-flintbek.de\/index.php?rest_route=\/wp\/v2\/pages\/16\/revisions\/196"}],"wp:featuredmedia":[{"embeddable":true,"href":"https:\/\/awo-flintbek.de\/index.php?rest_route=\/wp\/v2\/media\/194"}],"wp:attachment":[{"href":"https:\/\/awo-flintbek.de\/index.php?rest_route=%2Fwp%2Fv2%2Fmedia&parent=16"}],"curies":[{"name":"wp","href":"https:\/\/api.w.org\/{rel}","templated":true}]}}